{"id":24007,"date":"2023-12-19T15:40:46","date_gmt":"2023-12-19T07:40:46","guid":{"rendered":"https:\/\/www.cejia.com\/?page_id=24007"},"modified":"2023-12-29T11:53:28","modified_gmt":"2023-12-29T03:53:28","slug":"moc-app-store-request","status":"publish","type":"page","link":"https:\/\/www.cejia.com\/fr\/moc-app-store-request\/","title":{"rendered":"Exigences d&#039;examen des demandes"},"content":{"rendered":"<p><span class=\"spark-text\">Lorsque vous d\u00e9veloppez une application et envisagez de la publier sur l&#039;App Store, il est important de comprendre les exigences d&#039;\u00e9valuation des applications de chaque plate-forme. Voici les exigences d\u2019examen pour les principaux magasins d\u2019applications\u00a0:<\/span><\/p>\n<h2><span class=\"spark-text\">Exigences d\u2019examen des applications Apple App Store<\/span><\/h2>\n<p><span class=\"spark-text\">L&#039;examen des candidatures par Apple est tr\u00e8s strict, comprenant principalement les aspects suivants :<\/span><\/p>\n<ul>\n<li><span class=\"spark-text\">Les applications doivent \u00eatre conformes aux directives de conception et d&#039;interaction d&#039;Apple.<\/span><\/li>\n<li><span class=\"spark-text\">Les applications ne peuvent contenir aucun contenu contrefait.<\/span><\/li>\n<li><span class=\"spark-text\">Les applications ne peuvent contenir aucun contenu obsc\u00e8ne, violent ou vulgaire.<\/span><\/li>\n<li><span class=\"spark-text\">Les applications doivent utiliser le syst\u00e8me de paiement fourni par Apple pour les achats int\u00e9gr\u00e9s.<\/span><\/li>\n<\/ul>\n<h2><span class=\"spark-text\">Exigences d&#039;examen des applications de la boutique d&#039;applications Google Play<\/span><\/h2>\n<p><span class=\"spark-text\">Google Play est \u00e9galement tr\u00e8s strict dans l&#039;examen des candidatures, notamment sur les aspects suivants\u00a0:<\/span><\/p>\n<ul>\n<li><span class=\"spark-text\">Les applications doivent \u00eatre conformes aux politiques de Google Play.<\/span><\/li>\n<li><span class=\"spark-text\">Les applications ne peuvent contenir aucun logiciel malveillant ou virus.<\/span><\/li>\n<li><span class=\"spark-text\">Les applications doivent utiliser le syst\u00e8me de paiement de Google Play pour les achats int\u00e9gr\u00e9s.<\/span><\/li>\n<li><span class=\"spark-text\">Les applications doivent fournir un support utilisateur de haute qualit\u00e9.<\/span><\/li>\n<\/ul>\n<h2><span class=\"spark-text\">Exigences d&#039;examen des applications du Huawei App Store<\/span><\/h2>\n<p><span class=\"spark-text\">L\u2019examen des applications par le Huawei App Store comprend principalement les aspects suivants\u00a0:<\/span><\/p>\n<ul>\n<li><span class=\"spark-text\">Les applications doivent \u00eatre conformes aux directives de conception et d&#039;interaction de Huawei.<\/span><\/li>\n<li><span class=\"spark-text\">Les applications ne peuvent contenir aucun contenu contrefait.<\/span><\/li>\n<li><span class=\"spark-text\">Les applications doivent utiliser le syst\u00e8me de paiement fourni par Huawei pour les achats int\u00e9gr\u00e9s.<\/span><\/li>\n<li><span class=\"spark-text\">Les applications doivent fournir un support utilisateur de haute qualit\u00e9.<\/span><\/li>\n<\/ul>\n<h2><span class=\"spark-text\">Exigences d&#039;examen des applications du Xiaomi App Store<\/span><\/h2>\n<p><span class=\"spark-text\">L\u2019examen des applications par le Xiaomi App Store comprend principalement les aspects suivants :<\/span><\/p>\n<ul>\n<li><span class=\"spark-text\">Les applications doivent \u00eatre conformes aux directives de conception et d\u2019interaction de Xiaomi.<\/span><\/li>\n<li><span class=\"spark-text\">Les applications ne peuvent contenir aucun contenu contrefait.<\/span><\/li>\n<li><span class=\"spark-text\">Les applications doivent utiliser le syst\u00e8me de paiement fourni par Xiaomi pour les achats int\u00e9gr\u00e9s.<\/span><\/li>\n<li><span class=\"spark-text\">Les applications doivent fournir un support utilisateur de haute qualit\u00e9.<\/span><\/li>\n<\/ul>\n<h2><span class=\"spark-text\">Exigences d&#039;examen des applications VIVO App Store<\/span><\/h2>\n<p><span class=\"spark-text\">L&#039;examen des candidatures par le VIVO App Store comprend principalement les aspects suivants :<\/span><\/p>\n<ul>\n<li><span class=\"spark-text\">Les applications doivent \u00eatre conformes aux directives de conception et d\u2019interaction de VIVO.<\/span><\/li>\n<li><span class=\"spark-text\">Les applications ne peuvent contenir aucun contenu contrefait.<\/span><\/li>\n<li><span class=\"spark-text\">Les applications doivent utiliser le syst\u00e8me de paiement fourni par VIVO pour les achats int\u00e9gr\u00e9s.<\/span><\/li>\n<li><span class=\"spark-text\">Les applications doivent fournir un support utilisateur de haute qualit\u00e9.<\/span><\/li>\n<\/ul>\n<h2><span class=\"spark-text\">Exigences d&#039;examen des applications OPPO App Store<\/span><\/h2>\n<p><span class=\"spark-text\">L\u2019examen des applications par l\u2019OPPO App Store comprend principalement les aspects suivants :<\/span><\/p>\n<ul>\n<li><span class=\"spark-text\">Les applications doivent \u00eatre conformes aux directives de conception et d\u2019interaction d\u2019OPPO.<\/span><\/li>\n<li><span class=\"spark-text\">Les applications ne peuvent contenir aucun contenu contrefait.<\/span><\/li>\n<li><span class=\"spark-text\">Les applications doivent utiliser le syst\u00e8me de paiement fourni par OPPO pour les achats int\u00e9gr\u00e9s.<\/span><\/li>\n<li><span class=\"spark-text\">Les applications doivent fournir un support utilisateur de haute qualit\u00e9.<\/span><\/li>\n<\/ul>\n<h2><span class=\"spark-text\">Honorer les exigences d\u2019examen de l\u2019App Store<\/span><\/h2>\n<p><span class=\"spark-text\">L\u2019examen des applications par le Honor App Store comprend principalement les aspects suivants :<\/span><\/p>\n<ul>\n<li><span class=\"spark-text\">Les applications doivent \u00eatre conformes aux directives de conception et d\u2019interaction de Honor.<\/span><\/li>\n<li><span class=\"spark-text\">Les applications ne peuvent contenir aucun contenu contrefait.<\/span><\/li>\n<li><span class=\"spark-text\">Les applications doivent utiliser le syst\u00e8me de paiement fourni par Honor pour les achats int\u00e9gr\u00e9s.<\/span><\/li>\n<li><span class=\"spark-text\">Les applications doivent fournir un support utilisateur de haute qualit\u00e9.<\/span><\/li>\n<\/ul>\n<h1><span class=\"spark-text\">Exigences d&#039;examen du Windows Store<\/span><\/h1>\n<p><span class=\"spark-text\">Avant de soumettre une application au Windows Store, les d\u00e9veloppeurs doivent s&#039;assurer que l&#039;application r\u00e9pond aux exigences d&#039;examen suivantes\u00a0:<\/span><\/p>\n<ol>\n<li><span class=\"spark-text\">L&#039;application doit \u00eatre toute nouvelle et ne peut pas \u00eatre une version d\u00e9j\u00e0 publi\u00e9e.<\/span><\/li>\n<li><span class=\"spark-text\">Les applications doivent prendre en charge la derni\u00e8re version du syst\u00e8me d&#039;exploitation Windows sur tous les appareils cibles.<\/span><\/li>\n<li><span class=\"spark-text\">Les applications doivent suivre les directives de conception de Windows et les directives de l&#039;interface utilisateur.<\/span><\/li>\n<li><span class=\"spark-text\">Les applications doivent offrir une bonne exp\u00e9rience utilisateur et \u00eatre exemptes de tout logiciel malveillant, virus ou autre menace de s\u00e9curit\u00e9.<\/span><\/li>\n<li><span class=\"spark-text\">Les applications doivent fournir des descriptions d\u00e9taill\u00e9es et des mots-cl\u00e9s afin que les utilisateurs puissent trouver et comprendre les fonctionnalit\u00e9s et l&#039;objectif de l&#039;application.<\/span><\/li>\n<li><span class=\"spark-text\">Les applications doivent \u00eatre enti\u00e8rement test\u00e9es pour garantir qu&#039;elles fonctionnent correctement sur une vari\u00e9t\u00e9 d&#039;appareils et ne provoquent pas de pannes du syst\u00e8me ou de perte de donn\u00e9es.<\/span><\/li>\n<li><span class=\"spark-text\">Les applications doivent fournir des informations de contact valides afin que les utilisateurs puissent signaler des probl\u00e8mes ou fournir des commentaires.<\/span><\/li>\n<li><span class=\"spark-text\">Les applications doivent \u00eatre conformes \u00e0 toutes les lois et r\u00e9glementations applicables, y compris, mais sans s&#039;y limiter, les lois sur le droit d&#039;auteur et la confidentialit\u00e9.<\/span><\/li>\n<\/ol>\n<h1><span class=\"spark-text\">Exigences d&#039;examen du MAC App Store<\/span><\/h1>\n<p><span class=\"spark-text\">Avant de soumettre une application au MAC App Store, les d\u00e9veloppeurs doivent s&#039;assurer que l&#039;application r\u00e9pond aux exigences d&#039;examen suivantes\u00a0:<\/span><\/p>\n<ol>\n<li><span class=\"spark-text\">L&#039;application doit \u00eatre toute nouvelle et ne peut pas \u00eatre une version d\u00e9j\u00e0 publi\u00e9e.<\/span><\/li>\n<li><span class=\"spark-text\">Les applications doivent suivre les directives de conception et les directives d&#039;interface utilisateur d&#039;Apple.<\/span><\/li>\n<li><span class=\"spark-text\">Les applications doivent offrir une bonne exp\u00e9rience utilisateur et \u00eatre exemptes de tout logiciel malveillant, virus ou autre menace de s\u00e9curit\u00e9.<\/span><\/li>\n<li><span class=\"spark-text\">Les applications doivent fournir des descriptions d\u00e9taill\u00e9es et des mots-cl\u00e9s afin que les utilisateurs puissent trouver et comprendre les fonctionnalit\u00e9s et l&#039;objectif de l&#039;application.<\/span><\/li>\n<li><span class=\"spark-text\">Les applications doivent \u00eatre enti\u00e8rement test\u00e9es pour garantir qu&#039;elles fonctionnent correctement sur une vari\u00e9t\u00e9 d&#039;appareils et ne provoquent pas de pannes du syst\u00e8me ou de perte de donn\u00e9es.<\/span><\/li>\n<li><span class=\"spark-text\">Les applications doivent fournir des informations de contact valides afin que les utilisateurs puissent signaler des probl\u00e8mes ou fournir des commentaires.<\/span><\/li>\n<li><span class=\"spark-text\">Les applications doivent \u00eatre conformes \u00e0 toutes les lois et r\u00e9glementations applicables, y compris, mais sans s&#039;y limiter, les lois sur le droit d&#039;auteur et la confidentialit\u00e9.<\/span><\/li>\n<\/ol>\n<h1><span class=\"spark-text\">Exigences d&#039;examen du Lenovo App Store<\/span><\/h1>\n<p><span class=\"spark-text\">Avant de soumettre une application au Lenovo App Store, les d\u00e9veloppeurs doivent s&#039;assurer que l&#039;application r\u00e9pond aux exigences d&#039;\u00e9valuation suivantes\u00a0:<\/span><\/p>\n<ol>\n<li><span class=\"spark-text\">L&#039;application doit \u00eatre toute nouvelle et ne peut pas \u00eatre une version d\u00e9j\u00e0 publi\u00e9e.<\/span><\/li>\n<li><span class=\"spark-text\">Les applications doivent prendre en charge la derni\u00e8re version du syst\u00e8me d&#039;exploitation sur tous les appareils cibles.<\/span><\/li>\n<li><span class=\"spark-text\">Les applications doivent respecter les directives de conception et les directives de l&#039;interface utilisateur de Lenovo.<\/span><\/li>\n<li><span class=\"spark-text\">Les applications doivent offrir une bonne exp\u00e9rience utilisateur et \u00eatre exemptes de tout logiciel malveillant, virus ou autre menace de s\u00e9curit\u00e9.<\/span><\/li>\n<li><span class=\"spark-text\">Les applications doivent fournir des descriptions d\u00e9taill\u00e9es et des mots-cl\u00e9s afin que les utilisateurs puissent trouver et comprendre les fonctionnalit\u00e9s et l&#039;objectif de l&#039;application.<\/span><\/li>\n<li><span class=\"spark-text\">Les applications doivent \u00eatre enti\u00e8rement test\u00e9es pour garantir qu&#039;elles fonctionnent correctement sur une vari\u00e9t\u00e9 d&#039;appareils et ne provoquent pas de pannes du syst\u00e8me ou de perte de donn\u00e9es.<\/span><\/li>\n<li><span class=\"spark-text\">Les applications doivent fournir des informations de contact valides afin que les utilisateurs puissent signaler des probl\u00e8mes ou fournir des commentaires.<\/span><\/li>\n<li><span class=\"spark-text\">Les applications doivent \u00eatre conformes \u00e0 toutes les lois et r\u00e9glementations applicables, y compris, mais sans s&#039;y limiter, les lois sur le droit d&#039;auteur et la confidentialit\u00e9.<\/span><\/li>\n<\/ol>","protected":false},"excerpt":{"rendered":"<p>Lorsque vous d\u00e9veloppez une application et envisagez de la publier sur l&#039;App Store, il est important de comprendre les exigences d&#039;\u00e9valuation des applications de chaque plate-forme. Voici les avis des principaux magasins d&#039;applications [\u2026]<\/p>","protected":false},"author":1,"featured_media":0,"parent":0,"menu_order":0,"comment_status":"closed","ping_status":"closed","template":"","meta":{"_elementor_version":"","footnotes":""},"class_list":["post-24007","page","type-page","status-publish","hentry"],"_links":{"self":[{"href":"https:\/\/www.cejia.com\/fr\/wp-json\/wp\/v2\/pages\/24007","targetHints":{"allow":["GET"]}}],"collection":[{"href":"https:\/\/www.cejia.com\/fr\/wp-json\/wp\/v2\/pages"}],"about":[{"href":"https:\/\/www.cejia.com\/fr\/wp-json\/wp\/v2\/types\/page"}],"author":[{"embeddable":true,"href":"https:\/\/www.cejia.com\/fr\/wp-json\/wp\/v2\/users\/1"}],"replies":[{"embeddable":true,"href":"https:\/\/www.cejia.com\/fr\/wp-json\/wp\/v2\/comments?post=24007"}],"version-history":[{"count":1,"href":"https:\/\/www.cejia.com\/fr\/wp-json\/wp\/v2\/pages\/24007\/revisions"}],"predecessor-version":[{"id":29559,"href":"https:\/\/www.cejia.com\/fr\/wp-json\/wp\/v2\/pages\/24007\/revisions\/29559"}],"wp:attachment":[{"href":"https:\/\/www.cejia.com\/fr\/wp-json\/wp\/v2\/media?parent=24007"}],"curies":[{"name":"wp","href":"https:\/\/api.w.org\/{rel}","templated":true}]}}