{"id":23951,"date":"2023-12-18T18:05:13","date_gmt":"2023-12-18T10:05:13","guid":{"rendered":"https:\/\/www.cejia.com\/?page_id=23951"},"modified":"2024-01-02T13:55:22","modified_gmt":"2024-01-02T05:55:22","slug":"deluser","status":"publish","type":"page","link":"https:\/\/www.cejia.com\/fr\/illusionniste\/","title":{"rendered":"Supprimer le compte"},"content":{"rendered":"<pre class=\"wp-block-code\"><code><div class=\"entry-content\">\n<\/div>\n<div class=\"entry-content\">Entrez votre adresse e-mail et nous supprimerons votre compte et les informations associ\u00e9es enregistr\u00e9es aupr\u00e8s de Moxiu dans les 90 jours\u00a0!       <form action=\"#\" novalidate=\"novalidate\" aria-label=\"Formulaire de contact\" data-status=\"init\" data-trp-original-action=\"#\">\n<p>Veuillez saisir votre adresse e-mail enregistr\u00e9e ou votre identifiant de compte\u00a0:<input name=\"account\" size=\"40\" value=\"\" aria-required=\"true\" aria-invalid=\"false\"><\/input><\/p>\n<input type=\"hidden\" name=\"trp-form-language\" value=\"fr\"\/><\/form>\n<p><button style=\"margin-top:10px;font-size:16px;padding:8px;borer-radius:4px;color:white;background:red;\" onclick=\"alert('Your request is submitted!');\">Compte supprim\u00e9 par s\u00e9curit\u00e9\n    <\/button><\/p><\/div><\/code><\/pre>","protected":false},"excerpt":{"rendered":"","protected":false},"author":1,"featured_media":0,"parent":0,"menu_order":0,"comment_status":"closed","ping_status":"closed","template":"","meta":{"_elementor_version":"3.17.3","footnotes":""},"class_list":["post-23951","page","type-page","status-publish","hentry"],"_links":{"self":[{"href":"https:\/\/www.cejia.com\/fr\/wp-json\/wp\/v2\/pages\/23951","targetHints":{"allow":["GET"]}}],"collection":[{"href":"https:\/\/www.cejia.com\/fr\/wp-json\/wp\/v2\/pages"}],"about":[{"href":"https:\/\/www.cejia.com\/fr\/wp-json\/wp\/v2\/types\/page"}],"author":[{"embeddable":true,"href":"https:\/\/www.cejia.com\/fr\/wp-json\/wp\/v2\/users\/1"}],"replies":[{"embeddable":true,"href":"https:\/\/www.cejia.com\/fr\/wp-json\/wp\/v2\/comments?post=23951"}],"version-history":[{"count":2,"href":"https:\/\/www.cejia.com\/fr\/wp-json\/wp\/v2\/pages\/23951\/revisions"}],"predecessor-version":[{"id":29790,"href":"https:\/\/www.cejia.com\/fr\/wp-json\/wp\/v2\/pages\/23951\/revisions\/29790"}],"wp:attachment":[{"href":"https:\/\/www.cejia.com\/fr\/wp-json\/wp\/v2\/media?parent=23951"}],"curies":[{"name":"wp","href":"https:\/\/api.w.org\/{rel}","templated":true}]}}