{"id":24007,"date":"2023-12-19T15:40:46","date_gmt":"2023-12-19T07:40:46","guid":{"rendered":"https:\/\/www.cejia.com\/?page_id=24007"},"modified":"2023-12-29T11:53:28","modified_gmt":"2023-12-29T03:53:28","slug":"moc-app-store-request","status":"publish","type":"page","link":"https:\/\/www.cejia.com\/es\/moc-app-store-request\/","title":{"rendered":"Requisitos de revisi\u00f3n de la solicitud"},"content":{"rendered":"<p><span class=\"spark-text\">Al desarrollar una aplicaci\u00f3n y planear publicarla en la tienda de aplicaciones, es importante comprender los requisitos de revisi\u00f3n de aplicaciones de cada plataforma. Los siguientes son los requisitos de revisi\u00f3n para las principales tiendas de aplicaciones:<\/span><\/p>\n<h2><span class=\"spark-text\">Requisitos de revisi\u00f3n de aplicaciones de Apple App Store<\/span><\/h2>\n<p><span class=\"spark-text\">La revisi\u00f3n de aplicaciones por parte de Apple es muy estricta e incluye principalmente los siguientes aspectos:<\/span><\/p>\n<ul>\n<li><span class=\"spark-text\">Las aplicaciones deben cumplir con las pautas de interacci\u00f3n y dise\u00f1o de Apple.<\/span><\/li>\n<li><span class=\"spark-text\">Las aplicaciones no pueden contener ning\u00fan contenido infractor.<\/span><\/li>\n<li><span class=\"spark-text\">Las aplicaciones no pueden contener ning\u00fan contenido obsceno, violento o vulgar.<\/span><\/li>\n<li><span class=\"spark-text\">Las aplicaciones deben utilizar el sistema de pago proporcionado por Apple para compras dentro de la aplicaci\u00f3n.<\/span><\/li>\n<\/ul>\n<h2><span class=\"spark-text\">Requisitos de revisi\u00f3n de aplicaciones de la tienda de aplicaciones de Google Play<\/span><\/h2>\n<p><span class=\"spark-text\">Google Play tambi\u00e9n es muy estricto en la revisi\u00f3n de aplicaciones, incluyendo principalmente los siguientes aspectos:<\/span><\/p>\n<ul>\n<li><span class=\"spark-text\">Las aplicaciones deben cumplir con las pol\u00edticas de Google Play.<\/span><\/li>\n<li><span class=\"spark-text\">Las aplicaciones no pueden contener malware ni virus.<\/span><\/li>\n<li><span class=\"spark-text\">Las aplicaciones deben utilizar el sistema de pago de Google Play para compras dentro de la aplicaci\u00f3n.<\/span><\/li>\n<li><span class=\"spark-text\">Las aplicaciones deben brindar soporte al usuario de alta calidad.<\/span><\/li>\n<\/ul>\n<h2><span class=\"spark-text\">Requisitos de revisi\u00f3n de aplicaciones de la App Store de Huawei<\/span><\/h2>\n<p><span class=\"spark-text\">La revisi\u00f3n de aplicaciones de Huawei App Store incluye principalmente los siguientes aspectos:<\/span><\/p>\n<ul>\n<li><span class=\"spark-text\">Las aplicaciones deben cumplir con las pautas de dise\u00f1o e interacci\u00f3n de Huawei.<\/span><\/li>\n<li><span class=\"spark-text\">Las aplicaciones no pueden contener ning\u00fan contenido infractor.<\/span><\/li>\n<li><span class=\"spark-text\">Las aplicaciones deben utilizar el sistema de pago proporcionado por Huawei para compras dentro de la aplicaci\u00f3n.<\/span><\/li>\n<li><span class=\"spark-text\">Las aplicaciones deben brindar soporte al usuario de alta calidad.<\/span><\/li>\n<\/ul>\n<h2><span class=\"spark-text\">Requisitos de revisi\u00f3n de la aplicaci\u00f3n Xiaomi App Store<\/span><\/h2>\n<p><span class=\"spark-text\">La revisi\u00f3n de aplicaciones de Xiaomi App Store incluye principalmente los siguientes aspectos:<\/span><\/p>\n<ul>\n<li><span class=\"spark-text\">Las aplicaciones deben cumplir con las pautas de dise\u00f1o e interacci\u00f3n de Xiaomi.<\/span><\/li>\n<li><span class=\"spark-text\">Las aplicaciones no pueden contener ning\u00fan contenido infractor.<\/span><\/li>\n<li><span class=\"spark-text\">Las aplicaciones deben utilizar el sistema de pago proporcionado por Xiaomi para compras dentro de la aplicaci\u00f3n.<\/span><\/li>\n<li><span class=\"spark-text\">Las aplicaciones deben brindar soporte al usuario de alta calidad.<\/span><\/li>\n<\/ul>\n<h2><span class=\"spark-text\">Requisitos de revisi\u00f3n de la aplicaci\u00f3n VIVO App Store<\/span><\/h2>\n<p><span class=\"spark-text\">La revisi\u00f3n de aplicaciones por parte de VIVO App Store incluye principalmente los siguientes aspectos:<\/span><\/p>\n<ul>\n<li><span class=\"spark-text\">Las aplicaciones deben cumplir con los lineamientos de dise\u00f1o e interacci\u00f3n de VIVO.<\/span><\/li>\n<li><span class=\"spark-text\">Las aplicaciones no pueden contener ning\u00fan contenido infractor.<\/span><\/li>\n<li><span class=\"spark-text\">Las aplicaciones deben utilizar el sistema de pago proporcionado por VIVO para compras dentro de la aplicaci\u00f3n.<\/span><\/li>\n<li><span class=\"spark-text\">Las aplicaciones deben brindar soporte al usuario de alta calidad.<\/span><\/li>\n<\/ul>\n<h2><span class=\"spark-text\">Requisitos de revisi\u00f3n de la aplicaci\u00f3n OPPO App Store<\/span><\/h2>\n<p><span class=\"spark-text\">La revisi\u00f3n de aplicaciones de la OPPO App Store incluye principalmente los siguientes aspectos:<\/span><\/p>\n<ul>\n<li><span class=\"spark-text\">Las aplicaciones deben cumplir con las pautas de dise\u00f1o e interacci\u00f3n de OPPO.<\/span><\/li>\n<li><span class=\"spark-text\">Las aplicaciones no pueden contener ning\u00fan contenido infractor.<\/span><\/li>\n<li><span class=\"spark-text\">Las aplicaciones deben utilizar el sistema de pago proporcionado por OPPO para compras dentro de la aplicaci\u00f3n.<\/span><\/li>\n<li><span class=\"spark-text\">Las aplicaciones deben brindar soporte al usuario de alta calidad.<\/span><\/li>\n<\/ul>\n<h2><span class=\"spark-text\">Respetar los requisitos de revisi\u00f3n de la App Store<\/span><\/h2>\n<p><span class=\"spark-text\">La revisi\u00f3n de aplicaciones por parte de Honor App Store incluye principalmente los siguientes aspectos:<\/span><\/p>\n<ul>\n<li><span class=\"spark-text\">Las aplicaciones deben cumplir con las pautas de dise\u00f1o e interacci\u00f3n de Honor.<\/span><\/li>\n<li><span class=\"spark-text\">Las aplicaciones no pueden contener ning\u00fan contenido infractor.<\/span><\/li>\n<li><span class=\"spark-text\">Las aplicaciones deben utilizar el sistema de pago proporcionado por Honor para compras dentro de la aplicaci\u00f3n.<\/span><\/li>\n<li><span class=\"spark-text\">Las aplicaciones deben brindar soporte al usuario de alta calidad.<\/span><\/li>\n<\/ul>\n<h1><span class=\"spark-text\">Requisitos de revisi\u00f3n de la Tienda Windows<\/span><\/h1>\n<p><span class=\"spark-text\">Antes de enviar una aplicaci\u00f3n a la Tienda Windows, los desarrolladores deben asegurarse de que la aplicaci\u00f3n cumpla con los siguientes requisitos de revisi\u00f3n:<\/span><\/p>\n<ol>\n<li><span class=\"spark-text\">La aplicaci\u00f3n debe ser nueva y no puede ser una versi\u00f3n ya publicada.<\/span><\/li>\n<li><span class=\"spark-text\">Las aplicaciones deben admitir la \u00faltima versi\u00f3n del sistema operativo Windows en todos los dispositivos de destino.<\/span><\/li>\n<li><span class=\"spark-text\">Las aplicaciones deben seguir las pautas de dise\u00f1o de Windows y las pautas de interfaz de usuario.<\/span><\/li>\n<li><span class=\"spark-text\">Las aplicaciones deben proporcionar una buena experiencia de usuario y estar libres de malware, virus u otras amenazas a la seguridad.<\/span><\/li>\n<li><span class=\"spark-text\">Las aplicaciones deben proporcionar descripciones detalladas y palabras clave para que los usuarios puedan encontrar y comprender la funcionalidad y el prop\u00f3sito de la aplicaci\u00f3n.<\/span><\/li>\n<li><span class=\"spark-text\">Las aplicaciones deben probarse completamente para garantizar que funcionen correctamente en una variedad de dispositivos y no provoquen fallas del sistema o p\u00e9rdida de datos.<\/span><\/li>\n<li><span class=\"spark-text\">Las aplicaciones deben proporcionar informaci\u00f3n de contacto v\u00e1lida para que los usuarios puedan informar problemas o proporcionar comentarios.<\/span><\/li>\n<li><span class=\"spark-text\">Las aplicaciones deben cumplir con todas las leyes y regulaciones aplicables, incluidas, entre otras, las leyes de derechos de autor y privacidad.<\/span><\/li>\n<\/ol>\n<h1><span class=\"spark-text\">Requisitos de revisi\u00f3n de la tienda de aplicaciones MAC<\/span><\/h1>\n<p><span class=\"spark-text\">Antes de enviar una aplicaci\u00f3n a MAC App Store, los desarrolladores deben asegurarse de que la aplicaci\u00f3n cumpla con los siguientes requisitos de revisi\u00f3n:<\/span><\/p>\n<ol>\n<li><span class=\"spark-text\">La aplicaci\u00f3n debe ser nueva y no puede ser una versi\u00f3n ya publicada.<\/span><\/li>\n<li><span class=\"spark-text\">Las aplicaciones deben seguir las pautas de dise\u00f1o y las pautas de interfaz de usuario de Apple.<\/span><\/li>\n<li><span class=\"spark-text\">Las aplicaciones deben proporcionar una buena experiencia de usuario y estar libres de malware, virus u otras amenazas a la seguridad.<\/span><\/li>\n<li><span class=\"spark-text\">Las aplicaciones deben proporcionar descripciones detalladas y palabras clave para que los usuarios puedan encontrar y comprender la funcionalidad y el prop\u00f3sito de la aplicaci\u00f3n.<\/span><\/li>\n<li><span class=\"spark-text\">Las aplicaciones deben probarse completamente para garantizar que funcionen correctamente en una variedad de dispositivos y no provoquen fallas del sistema o p\u00e9rdida de datos.<\/span><\/li>\n<li><span class=\"spark-text\">Las aplicaciones deben proporcionar informaci\u00f3n de contacto v\u00e1lida para que los usuarios puedan informar problemas o proporcionar comentarios.<\/span><\/li>\n<li><span class=\"spark-text\">Las aplicaciones deben cumplir con todas las leyes y regulaciones aplicables, incluidas, entre otras, las leyes de derechos de autor y privacidad.<\/span><\/li>\n<\/ol>\n<h1><span class=\"spark-text\">Requisitos de revisi\u00f3n de la tienda de aplicaciones de Lenovo<\/span><\/h1>\n<p><span class=\"spark-text\">Antes de enviar una aplicaci\u00f3n a Lenovo App Store, los desarrolladores deben asegurarse de que la aplicaci\u00f3n cumpla con los siguientes requisitos de revisi\u00f3n:<\/span><\/p>\n<ol>\n<li><span class=\"spark-text\">La aplicaci\u00f3n debe ser nueva y no puede ser una versi\u00f3n ya publicada.<\/span><\/li>\n<li><span class=\"spark-text\">Las aplicaciones deben admitir la \u00faltima versi\u00f3n del sistema operativo en todos los dispositivos de destino.<\/span><\/li>\n<li><span class=\"spark-text\">Las aplicaciones deben seguir las pautas de dise\u00f1o y las pautas de interfaz de usuario de Lenovo.<\/span><\/li>\n<li><span class=\"spark-text\">Las aplicaciones deben proporcionar una buena experiencia de usuario y estar libres de malware, virus u otras amenazas a la seguridad.<\/span><\/li>\n<li><span class=\"spark-text\">Las aplicaciones deben proporcionar descripciones detalladas y palabras clave para que los usuarios puedan encontrar y comprender la funcionalidad y el prop\u00f3sito de la aplicaci\u00f3n.<\/span><\/li>\n<li><span class=\"spark-text\">Las aplicaciones deben probarse completamente para garantizar que funcionen correctamente en una variedad de dispositivos y no provoquen fallas del sistema o p\u00e9rdida de datos.<\/span><\/li>\n<li><span class=\"spark-text\">Las aplicaciones deben proporcionar informaci\u00f3n de contacto v\u00e1lida para que los usuarios puedan informar problemas o proporcionar comentarios.<\/span><\/li>\n<li><span class=\"spark-text\">Las aplicaciones deben cumplir con todas las leyes y regulaciones aplicables, incluidas, entre otras, las leyes de derechos de autor y privacidad.<\/span><\/li>\n<\/ol>","protected":false},"excerpt":{"rendered":"<p>Al desarrollar una aplicaci\u00f3n y planear publicarla en la tienda de aplicaciones, es importante comprender los requisitos de revisi\u00f3n de aplicaciones de cada plataforma. Las siguientes son rese\u00f1as de las principales tiendas de aplicaciones [\u2026]<\/p>","protected":false},"author":1,"featured_media":0,"parent":0,"menu_order":0,"comment_status":"closed","ping_status":"closed","template":"","meta":{"_elementor_version":"","footnotes":""},"class_list":["post-24007","page","type-page","status-publish","hentry"],"_links":{"self":[{"href":"https:\/\/www.cejia.com\/es\/wp-json\/wp\/v2\/pages\/24007","targetHints":{"allow":["GET"]}}],"collection":[{"href":"https:\/\/www.cejia.com\/es\/wp-json\/wp\/v2\/pages"}],"about":[{"href":"https:\/\/www.cejia.com\/es\/wp-json\/wp\/v2\/types\/page"}],"author":[{"embeddable":true,"href":"https:\/\/www.cejia.com\/es\/wp-json\/wp\/v2\/users\/1"}],"replies":[{"embeddable":true,"href":"https:\/\/www.cejia.com\/es\/wp-json\/wp\/v2\/comments?post=24007"}],"version-history":[{"count":1,"href":"https:\/\/www.cejia.com\/es\/wp-json\/wp\/v2\/pages\/24007\/revisions"}],"predecessor-version":[{"id":29559,"href":"https:\/\/www.cejia.com\/es\/wp-json\/wp\/v2\/pages\/24007\/revisions\/29559"}],"wp:attachment":[{"href":"https:\/\/www.cejia.com\/es\/wp-json\/wp\/v2\/media?parent=24007"}],"curies":[{"name":"wp","href":"https:\/\/api.w.org\/{rel}","templated":true}]}}