{"id":23951,"date":"2023-12-18T18:05:13","date_gmt":"2023-12-18T10:05:13","guid":{"rendered":"https:\/\/www.cejia.com\/?page_id=23951"},"modified":"2024-01-02T13:55:22","modified_gmt":"2024-01-02T05:55:22","slug":"deluser","status":"publish","type":"page","link":"https:\/\/www.cejia.com\/es\/enganar\/","title":{"rendered":"Borrar cuenta"},"content":{"rendered":"<pre class=\"wp-block-code\"><code><div class=\"entry-content\">\n<\/div>\n<div class=\"entry-content\">Ingrese su direcci\u00f3n de correo electr\u00f3nico y eliminaremos su cuenta y la informaci\u00f3n relacionada registrada en Moxiu dentro de los 90 d\u00edas.       <form action=\"#\" novalidate=\"novalidate\" aria-label=\"Formulario de contacto\" data-status=\"init\" data-trp-original-action=\"#\">\n<p>Por favor ingrese su correo electr\u00f3nico registrado o ID de cuenta:<input name=\"account\" size=\"40\" value=\"\" aria-required=\"true\" aria-invalid=\"false\"><\/input><\/p>\n<input type=\"hidden\" name=\"trp-form-language\" value=\"es\"\/><\/form>\n<p><button style=\"margin-top:10px;font-size:16px;padding:8px;borer-radius:4px;color:white;background:red;\" onclick=\"alert('Your request is submitted!');\">Cuenta eliminada por seguridad\n    <\/button><\/p><\/div><\/code><\/pre>","protected":false},"excerpt":{"rendered":"","protected":false},"author":1,"featured_media":0,"parent":0,"menu_order":0,"comment_status":"closed","ping_status":"closed","template":"","meta":{"_elementor_version":"3.17.3","footnotes":""},"class_list":["post-23951","page","type-page","status-publish","hentry"],"_links":{"self":[{"href":"https:\/\/www.cejia.com\/es\/wp-json\/wp\/v2\/pages\/23951","targetHints":{"allow":["GET"]}}],"collection":[{"href":"https:\/\/www.cejia.com\/es\/wp-json\/wp\/v2\/pages"}],"about":[{"href":"https:\/\/www.cejia.com\/es\/wp-json\/wp\/v2\/types\/page"}],"author":[{"embeddable":true,"href":"https:\/\/www.cejia.com\/es\/wp-json\/wp\/v2\/users\/1"}],"replies":[{"embeddable":true,"href":"https:\/\/www.cejia.com\/es\/wp-json\/wp\/v2\/comments?post=23951"}],"version-history":[{"count":2,"href":"https:\/\/www.cejia.com\/es\/wp-json\/wp\/v2\/pages\/23951\/revisions"}],"predecessor-version":[{"id":29790,"href":"https:\/\/www.cejia.com\/es\/wp-json\/wp\/v2\/pages\/23951\/revisions\/29790"}],"wp:attachment":[{"href":"https:\/\/www.cejia.com\/es\/wp-json\/wp\/v2\/media?parent=23951"}],"curies":[{"name":"wp","href":"https:\/\/api.w.org\/{rel}","templated":true}]}}