{"id":22295,"date":"2023-11-19T22:24:16","date_gmt":"2023-11-19T14:24:16","guid":{"rendered":"https:\/\/www.cejia.com\/?page_id=22295"},"modified":"2023-12-29T11:53:32","modified_gmt":"2023-12-29T03:53:32","slug":"mocshow-change-log","status":"publish","type":"page","link":"https:\/\/www.cejia.com\/es\/registro-de-cambios-de-mocshow\/","title":{"rendered":"Registro de actualizaci\u00f3n de Mocshow"},"content":{"rendered":"<div data-elementor-type=\"wp-page\" data-elementor-id=\"22295\" class=\"elementor elementor-22295\">\n\t\t\t\t<div class=\"elementor-element elementor-element-24d4d69 e-flex e-con-boxed e-con e-parent\" data-id=\"24d4d69\" data-element_type=\"container\" data-e-type=\"container\" data-settings=\"{&quot;background_background&quot;:&quot;classic&quot;}\">\n\t\t\t\t\t<div class=\"e-con-inner\">\n\t\t<div class=\"elementor-element elementor-element-cbd720f e-con-full e-flex e-con e-child\" data-id=\"cbd720f\" data-element_type=\"container\" data-e-type=\"container\">\n\t\t\t\t<div class=\"elementor-element elementor-element-bcef9aa animated-fast elementor-invisible elementor-widget elementor-widget-elementskit-heading\" data-id=\"bcef9aa\" data-element_type=\"widget\" data-e-type=\"widget\" data-settings=\"{&quot;ekit_we_effect_on&quot;:&quot;css&quot;,&quot;_animation&quot;:&quot;fadeIn&quot;,&quot;_animation_delay&quot;:100}\" data-widget_type=\"elementskit-heading.default\">\n\t\t\t\t\t<div class=\"ekit-wid-con\" ><div class=\"ekit-heading elementskit-section-title-wraper text_left   ekit_heading_tablet-   ekit_heading_mobile-\"><h1 class=\"ekit-heading--title elementskit-section-title\">Registro de actualizaci\u00f3n de Mocshow<\/h1>\t\t\t\t<div class='ekit-heading__description'>\n\t\t\t\t\t<p>Registro de actualizaciones de Mocshow, registros de versiones hist\u00f3ricas. Todas las actualizaciones se sincronizar\u00e1n con Android, IOS y escritorio.<\/p>\n\t\t\t\t<\/div>\n\t\t\t<\/div><\/div>\t\t\t\t<\/div>\n\t\t\t\t<\/div>\n\t\t\t\t\t<\/div>\n\t\t\t\t<\/div>\n\t\t<div class=\"elementor-element elementor-element-438ce38d e-flex e-con-boxed e-con e-parent\" data-id=\"438ce38d\" data-element_type=\"container\" data-e-type=\"container\">\n\t\t\t\t\t<div class=\"e-con-inner\">\n\t\t<div class=\"elementor-element elementor-element-3e966897 e-con-full e-flex e-con e-child\" data-id=\"3e966897\" data-element_type=\"container\" data-e-type=\"container\">\n\t\t<div class=\"elementor-element elementor-element-64f8ece0 e-con-full e-flex e-con e-child\" data-id=\"64f8ece0\" data-element_type=\"container\" data-e-type=\"container\">\n\t\t\t\t<div class=\"elementor-element elementor-element-70846fcd animated-fast elementor-invisible elementor-widget elementor-widget-elementskit-heading\" data-id=\"70846fcd\" data-element_type=\"widget\" data-e-type=\"widget\" data-settings=\"{&quot;_animation&quot;:&quot;fadeIn&quot;,&quot;ekit_we_effect_on&quot;:&quot;none&quot;}\" data-widget_type=\"elementskit-heading.default\">\n\t\t\t\t\t<div class=\"ekit-wid-con\" ><div class=\"ekit-heading elementskit-section-title-wraper text_center   ekit_heading_tablet-   ekit_heading_mobile-\"><h6 class=\"elementskit-section-subtitle  elementskit-style-border\">\n\t\t\t\t\t\tversi\u00f3n hist\u00f3rica\n\t\t\t\t\t<\/h6><h2 class=\"ekit-heading--title elementskit-section-title\"><span>Versi\u00f3n<\/span> Registro de actualizaci\u00f3n de Mocshow<\/h2>\t\t\t\t<div class='ekit-heading__description'>\n\t\t\t\t\t<p><img decoding=\"async\" class=\"aligncenter wp-image-22407\" src=\"https:\/\/www.cejia.com\/wp-content\/uploads\/2023\/11\/icon-round-512-150x150.png\" alt=\"Registro de actualizaci\u00f3n de Mocshow\" width=\"48\" height=\"48\" srcset=\"https:\/\/www.cejia.com\/wp-content\/uploads\/2023\/11\/icon-round-512-150x150.png 150w, https:\/\/www.cejia.com\/wp-content\/uploads\/2023\/11\/icon-round-512-300x300.png 300w, https:\/\/www.cejia.com\/wp-content\/uploads\/2023\/11\/icon-round-512.png 512w\" sizes=\"(max-width: 48px) 100vw, 48px\" \/><\/p>\n<p>Este art\u00edculo solo extrae parte del registro de versiones. Para obtener m\u00e1s informaci\u00f3n, consulte el historial de versiones en la APLICACI\u00d3N.<\/p>\n\t\t\t\t<\/div>\n\t\t\t<\/div><\/div>\t\t\t\t<\/div>\n\t\t\t\t<\/div>\n\t\t\t\t<\/div>\n\t\t\t\t\t<\/div>\n\t\t\t\t<\/div>\n\t\t<div class=\"elementor-element elementor-element-b751017 e-flex e-con-boxed e-con e-parent\" data-id=\"b751017\" data-element_type=\"container\" data-e-type=\"container\">\n\t\t\t\t\t<div class=\"e-con-inner\">\n\t\t\t\t<div class=\"elementor-element elementor-element-ab03f79 elementor-widget__width-inherit elementor-widget elementor-widget-elementskit-timeline\" data-id=\"ab03f79\" data-element_type=\"widget\" data-e-type=\"widget\" data-settings=\"{&quot;ekit_we_effect_on&quot;:&quot;none&quot;}\" data-widget_type=\"elementskit-timeline.default\">\n\t\t\t\t<div class=\"elementor-widget-container\">\n\t\t\t\t\t<div class=\"ekit-wid-con\" >        <div class=\"timeline-area vertical-timeline  multi-gradient floating-style oneside\" > \n\n         \n                    <div class=\"single-timeline media single-timeline-count-1 elementor-repeater-item-c051458\" >\n                            <div class=\"timeline-item media\" data-settings=\"{&quot;_animation&quot;:&quot;&quot;}\">\n                                <div class=\"timeline-content\">\n\n                                                                             <h2 class=\"subtitle\">2023-12-18<\/h2>\n                                    \n                                                                            <h3 class=\"title\">V1.9.2<\/h3>\n                                    \n                                                                  <p>- Agregue proyectos r\u00e1pidos y complete el dise\u00f1o del proyecto en 1 minuto<br>\n- M\u00e1s plantillas de aplicaciones, agregar columna de plantilla<br>\n- Agregar m\u00f3dulo de IA<br>\n- Funci\u00f3n de carga diferida de im\u00e1genes, optimizaci\u00f3n del formato WEBP<br>\n- Optimizaci\u00f3n del rendimiento<br>\n- Correcci\u00f3n de errores<br><\/p>\n                              \n\n\n                            \n                            <div class=\"timeline-info timeline-info-onside\" data-settings=\"{&quot;_animation&quot;:&quot;&quot;}\">\n                                                        <\/p>\n                            <\/div>\n                            \n                                <\/div><!-- .timeline-content END -->\n                                                                 <div class=\"timeline-icon\">\n                                <svg aria-hidden=\"true\" class=\"e-font-icon-svg e-fab-app-store-ios\" viewbox=\"0 0 448 512\" xmlns=\"http:\/\/www.w3.org\/2000\/svg\"><path d=\"M400 32H48C21.5 32 0 53.5 0 80v352c0 26.5 21.5 48 48 48h352c26.5 0 48-21.5 48-48V80c0-26.5-21.5-48-48-48zM127 384.5c-5.5 9.6-17.8 12.8-27.3 7.3-9.6-5.5-12.8-17.8-7.3-27.3l14.3-24.7c16.1-4.9 29.3-1.1 39.6 11.4L127 384.5zm138.9-53.9H84c-11 0-20-9-20-20s9-20 20-20h51l65.4-113.2-20.5-35.4c-5.5-9.6-2.2-21.8 7.3-27.3 9.6-5.5 21.8-2.2 27.3 7.3l8.9 15.4 8.9-15.4c5.5-9.6 17.8-12.8 27.3-7.3 9.6 5.5 12.8 17.8 7.3 27.3l-85.8 148.6h62.1c20.2 0 31.5 23.7 22.7 40zm98.1 0h-29l19.6 33.9c5.5 9.6 2.2 21.8-7.3 27.3-9.6 5.5-21.8 2.2-27.3-7.3-32.9-56.9-57.5-99.7-74-128.1-16.7-29-4.8-58 7.1-67.8 13.1 22.7 32.7 56.7 58.9 102h52c11 0 20 9 20 20 0 11.1-9 20-20 20z\"><\/path><\/svg>                                <\/div>\n\n                                                        <div class=\"watermark-icon\">\n                                <svg aria-hidden=\"true\" class=\"e-font-icon-svg e-fab-app-store-ios\" viewbox=\"0 0 448 512\" xmlns=\"http:\/\/www.w3.org\/2000\/svg\"><path d=\"M400 32H48C21.5 32 0 53.5 0 80v352c0 26.5 21.5 48 48 48h352c26.5 0 48-21.5 48-48V80c0-26.5-21.5-48-48-48zM127 384.5c-5.5 9.6-17.8 12.8-27.3 7.3-9.6-5.5-12.8-17.8-7.3-27.3l14.3-24.7c16.1-4.9 29.3-1.1 39.6 11.4L127 384.5zm138.9-53.9H84c-11 0-20-9-20-20s9-20 20-20h51l65.4-113.2-20.5-35.4c-5.5-9.6-2.2-21.8 7.3-27.3 9.6-5.5 21.8-2.2 27.3 7.3l8.9 15.4 8.9-15.4c5.5-9.6 17.8-12.8 27.3-7.3 9.6 5.5 12.8 17.8 7.3 27.3l-85.8 148.6h62.1c20.2 0 31.5 23.7 22.7 40zm98.1 0h-29l19.6 33.9c5.5 9.6 2.2 21.8-7.3 27.3-9.6 5.5-21.8 2.2-27.3-7.3-32.9-56.9-57.5-99.7-74-128.1-16.7-29-4.8-58 7.1-67.8 13.1 22.7 32.7 56.7 58.9 102h52c11 0 20 9 20 20 0 11.1-9 20-20 20z\"><\/path><\/svg>                            <\/div>\n                                                          <div class=\"timeline-pin\"><\/div>\n                            <\/div><!-- .timeline-item .media END -->\n\n                                        <div class=\"timeline-img\"><\/div>\n\n\n           \n                        <\/div><!-- .single-timeline .media END -->\n       \n                    <div class=\"single-timeline media single-timeline-count-2 elementor-repeater-item-fc249a4\" >\n                            <div class=\"timeline-item media\" data-settings=\"{&quot;_animation&quot;:&quot;&quot;}\">\n                                <div class=\"timeline-content\">\n\n                                                                             <h2 class=\"subtitle\">2023-11-10<\/h2>\n                                    \n                                                                            <h3 class=\"title\">V1.8.7<\/h3>\n                                    \n                                                                  <p>- Agregar nueva tienda de aplicaciones<br>\n- Se actualizaron algunas plantillas de im\u00e1genes de listados reales.<br>\n- Se agreg\u00f3 alguna gu\u00eda para principiantes para la p\u00e1gina del editor de capturas de pantalla.<br>\n- Se solucion\u00f3 el problema por el cual no se mostraba el fondo axial degradado de la imagen.<br>\n- Se solucion\u00f3 el problema por el cual el fondo degradado cambiaba DESODOREDO<br>\n- Si no hay suficientes im\u00e1genes de vista previa de exportaci\u00f3n, los comentarios pueden obtener 10 cuotas de exportaci\u00f3n adicionales.<br>\n- Se agreg\u00f3 la funci\u00f3n de limpieza de cach\u00e9 del proyecto.<br>\n- Optimice la barra de t\u00edtulo, el tama\u00f1o del marco m\u00f3vil y la selecci\u00f3n de dispositivos m\u00f3viles al cambiar entre diferentes dispositivos<br>\n- Solucionar el problema de idioma o grupo de dispositivos al agregar elementos, solucionar el problema de eliminar elementos de Mocshow<br><\/p>\n                              \n\n\n                            \n                            <div class=\"timeline-info timeline-info-onside\" data-settings=\"{&quot;_animation&quot;:&quot;&quot;}\">\n                                                        <\/p>\n                            <\/div>\n                            \n                                <\/div><!-- .timeline-content END -->\n                                                               <div class=\"timeline-pin\"><\/div>\n                            <\/div><!-- .timeline-item .media END -->\n\n                                        <div class=\"timeline-img\"><\/div>\n\n\n           \n                        <\/div><!-- .single-timeline .media END -->\n       \n                    <div class=\"single-timeline media single-timeline-count-3 elementor-repeater-item-8c19424\" >\n                            <div class=\"timeline-item media\" data-settings=\"{&quot;_animation&quot;:&quot;&quot;}\">\n                                <div class=\"timeline-content\">\n\n                                                                             <h2 class=\"subtitle\">2023-11-6<\/h2>\n                                    \n                                                                            <h3 class=\"title\">V1.8.6<\/h3>\n                                    \n                                                                  <p>- Se agregaron funciones de deshacer y rehacer<br>\n- Se corrigi\u00f3 la funci\u00f3n de agregar p\u00e1gina en el terminal m\u00f3vil.<br>\n- Se corrigi\u00f3 el problema de visualizaci\u00f3n del color del degradado de fondo.<br>\n- Agregue una columna de video tutorial a la p\u00e1gina de inicio m\u00f3vil<br><\/p>\n                              \n\n\n                            \n                            <div class=\"timeline-info timeline-info-onside\" data-settings=\"{&quot;_animation&quot;:&quot;&quot;}\">\n                                                        <\/p>\n                            <\/div>\n                            \n                                <\/div><!-- .timeline-content END -->\n                                                               <div class=\"timeline-pin\"><\/div>\n                            <\/div><!-- .timeline-item .media END -->\n\n                                        <div class=\"timeline-img\"><\/div>\n\n\n           \n                        <\/div><!-- .single-timeline .media END -->\n       \n                    <div class=\"single-timeline media single-timeline-count-4 elementor-repeater-item-f7882f3\" >\n                            <div class=\"timeline-item media\" data-settings=\"{&quot;_animation&quot;:&quot;&quot;}\">\n                                <div class=\"timeline-content\">\n\n                                                                             <h2 class=\"subtitle\">2023-11-3<\/h2>\n                                    \n                                                                            <h3 class=\"title\"><a href=\"https:\/\/www.qimai.cn\/app\/version\/appid\/1602208996\/country\/cn\" rel=\"noopener\" target=\"_self\">V1.8.5<\/a><\/h3>\n                                    \n                                                                  <p>1. Agregue m\u00faltiples marcos nuevos para tel\u00e9fonos m\u00f3viles, incluidos Google, Apple, Samsung, Xiaomi, oppo, vivo, Huawei<br>\n2. Agregue salida de marco neutral, agregue pantalla de mar neutral y pantalla simple<br>\n3. Puedes elegir tu propia marca de tel\u00e9fono m\u00f3vil al exportar a la tienda de aplicaciones.<br>\n4. Agregar funci\u00f3n de borrado de cach\u00e9<br>\n5. Correcci\u00f3n de errores<br><\/p>\n                              \n\n\n                            \n                            <div class=\"timeline-info timeline-info-onside\" data-settings=\"{&quot;_animation&quot;:&quot;&quot;}\">\n                                                        <\/p>\n                            <\/div>\n                            \n                                <\/div><!-- .timeline-content END -->\n                                                               <div class=\"timeline-pin\"><\/div>\n                            <\/div><!-- .timeline-item .media END -->\n\n                                        <div class=\"timeline-img\"><\/div>\n\n\n           \n                        <\/div><!-- .single-timeline .media END -->\n           <div class=\"timeline-bar\"><\/div>\n    <\/div><\/div>\t\t\t\t<\/div>\n\t\t\t\t<\/div>\n\t\t\t\t\t<\/div>\n\t\t\t\t<\/div>\n\t\t<div class=\"elementor-element elementor-element-e340492 e-flex e-con-boxed e-con e-parent\" data-id=\"e340492\" data-element_type=\"container\" data-e-type=\"container\">\n\t\t\t\t\t<div class=\"e-con-inner\">\n\t\t\t\t<div class=\"elementor-element elementor-element-2f3825a elementor-align-center elementor-widget elementor-widget-elementskit-button\" data-id=\"2f3825a\" data-element_type=\"widget\" data-e-type=\"widget\" data-settings=\"{&quot;ekit_we_effect_on&quot;:&quot;none&quot;}\" data-widget_type=\"elementskit-button.default\">\n\t\t\t\t\t<div class=\"ekit-wid-con\" >\t\t<div class=\"ekit-btn-wraper\">\n\t\t\t\t\t\t\t<a href=\"https:\/\/www.cejia.com\/es\/descargar\/\" class=\"elementskit-btn  whitespace--normal\" id=\"\">\n\t\t\t\t\tdescargar inmediatamente\t\t\t\t<\/a>\n\t\t\t\t\t<\/div>\n        <\/div>\t\t\t\t<\/div>\n\t\t\t\t\t<\/div>\n\t\t\t\t<\/div>\n\t\t\t\t<\/div>","protected":false},"excerpt":{"rendered":"<p>Registro de actualizaci\u00f3n de Moxiu Registro de actualizaci\u00f3n de Moxiu, registros de versiones hist\u00f3ricas. Todas las actualizaciones se sincronizar\u00e1n con las versiones hist\u00f3ricas de los registros de actualizaci\u00f3n de Android, IOS y Moxiu de escritorio [\u2026]<\/p>","protected":false},"author":1,"featured_media":0,"parent":0,"menu_order":0,"comment_status":"closed","ping_status":"closed","template":"","meta":{"_elementor_version":"3.17.3","footnotes":""},"class_list":["post-22295","page","type-page","status-publish","hentry"],"_links":{"self":[{"href":"https:\/\/www.cejia.com\/es\/wp-json\/wp\/v2\/pages\/22295","targetHints":{"allow":["GET"]}}],"collection":[{"href":"https:\/\/www.cejia.com\/es\/wp-json\/wp\/v2\/pages"}],"about":[{"href":"https:\/\/www.cejia.com\/es\/wp-json\/wp\/v2\/types\/page"}],"author":[{"embeddable":true,"href":"https:\/\/www.cejia.com\/es\/wp-json\/wp\/v2\/users\/1"}],"replies":[{"embeddable":true,"href":"https:\/\/www.cejia.com\/es\/wp-json\/wp\/v2\/comments?post=22295"}],"version-history":[{"count":1,"href":"https:\/\/www.cejia.com\/es\/wp-json\/wp\/v2\/pages\/22295\/revisions"}],"predecessor-version":[{"id":29564,"href":"https:\/\/www.cejia.com\/es\/wp-json\/wp\/v2\/pages\/22295\/revisions\/29564"}],"wp:attachment":[{"href":"https:\/\/www.cejia.com\/es\/wp-json\/wp\/v2\/media?parent=22295"}],"curies":[{"name":"wp","href":"https:\/\/api.w.org\/{rel}","templated":true}]}}